{"id":3002,"date":"2023-03-27T09:45:37","date_gmt":"2023-03-27T06:45:37","guid":{"rendered":"https:\/\/raijanholvi.fi\/tuote\/gift-card\/"},"modified":"2023-03-27T09:45:37","modified_gmt":"2023-03-27T06:45:37","slug":"gift-card","status":"publish","type":"product","link":"https:\/\/raijanholvi.fi\/en\/tuote\/gift-card\/","title":{"rendered":"Gift Card"},"content":{"rendered":"<h3>You can use the gift card as payment for all our services and product purchases at Raijanholvi;<\/h3>\n<ul>\n<li>lunch dishes<\/li>\n<li>savory and sweet caf\u00e9 products<\/li>\n<li>meeting and party catering<\/li>\n<li>Geonallen feel-good products<\/li>\n<li>RL meringues<\/li>\n<li>RL decorations<\/li>\n<\/ul>\n<p><strong>You can split the gift card amount across multiple purchases.<\/strong><\/p>\n<p>You can order the gift card to your email, to your home, or pick it up on-site at Raijanholvi.<\/p>\n<p>If you choose home delivery, delivery cost \u20ac6.90.<\/p>\n","protected":false},"excerpt":{"rendered":"    <div class=\"custom-gift-card\" style=\"margin-top:25px;\">\n        <h3>Lahjakortti<\/h3>\n        <p>Lahjakorttia voit k\u00e4ytt\u00e4\u00e4 maksuna kaikkiin palveluihimme ja tuoteostoihin Raijanholvilla.<\/p>\n        <form class=\"gift-card-form\" method=\"post\" action=\"\">\n            <input type=\"hidden\" name=\"rh_gift_card_nonce\" value=\"9ab1998d0a\">\n            <input type=\"hidden\" name=\"rh_recaptcha_token\" id=\"rh_recaptcha_token\" value=\"\">\n\n            <label for=\"gift_card_amount\">Summa lahjakortille *<\/label>\n            <input type=\"number\" name=\"gift_card_amount\" id=\"gift_card_amount\" min=\"30\" step=\"0.01\" value=\"30.00\" required \/>\n            <small style=\"color:#d6111e;display:block;margin-top:-10px;margin-bottom:10px;\">Minimi tilaus on 30 \u20ac<\/small>\n\n            <p id=\"gift-card-total\">Yhteens\u00e4: 30,00 \u20ac (ALV 0%)<\/p>\n\n            <label for=\"recipient_email\">Saajan s\u00e4hk\u00f6posti *<\/label>\n            <input type=\"email\" name=\"recipient_email\" id=\"recipient_email\" required \/>\n\n            <label for=\"recipient_address\">Saajan osoite<\/label>\n            <input type=\"text\" name=\"recipient_address\" id=\"recipient_address\" \/>\n\n            <label for=\"gift_message\">Viesti saajalle<\/label>\n            <textarea name=\"gift_message\" id=\"gift_message\"><\/textarea>\n\n            <label for=\"delivery_method\">Toimitus *<\/label>\n            <select name=\"delivery_method\" id=\"delivery_method\" required>\n                <option value=\"email\">S\u00e4hk\u00f6postiin<\/option>\n                <option value=\"post\">Postiin (+6,90 \u20ac)<\/option>\n                <option value=\"pickup\">Nouto<\/option>\n            <\/select>\n\n            <button type=\"submit\" name=\"add_gift_card_to_cart\" class=\"button alt\">Lis\u00e4\u00e4 ostoskoriin<\/button>\n        <\/form>\n    <\/div>\n\n    <script>\n        jQuery(document).ready(function($) {\n            function updateTotal() {\n                let amount = parseFloat($('#gift_card_amount').val());\n                if (isNaN(amount)) amount = 0;\n                if (amount < 30) {\n                    $('#gift_card_amount')[0].setCustomValidity(\"Minimisumma on 30 \u20ac\");\n                } else {\n                    $('#gift_card_amount')[0].setCustomValidity(\"\");\n                }\n\n                const deliveryCost = $('#delivery_method').val() === 'post' ? 6.90 : 0.00;\n                const total = amount + deliveryCost;\n                $('#gift-card-total').text('Yhteens\u00e4: ' + total.toFixed(2) + ' \u20ac (ALV 0%)');\n            }\n\n            $('#gift_card_amount, #delivery_method').on('input change', updateTotal);\n            updateTotal();\n\n            const siteKey = '6LdLWOErAAAAAGVOWK71DEEwea7nsYOpXgi2Rg_A';\n            \/\/ Ladataan recaptcha skripti automaattisesti footerissa (hook) - mutta varmista ett\u00e4 grecaptcha on saatavilla\n            $('.gift-card-form').on('submit', function(e) {\n                e.preventDefault();\n                const form = this;\n                if (typeof grecaptcha === 'undefined') {\n                    alert('Turvatarkistus ei ole saatavilla t\u00e4ll\u00e4 hetkell\u00e4. Yrit\u00e4 hetken kuluttua.');\n                    return false;\n                }\n                grecaptcha.ready(function() {\n                    grecaptcha.execute(siteKey, {action: 'gift_card'}).then(function(token) {\n                        $('#rh_recaptcha_token').val(token);\n                        form.submit();\n                    });\n                });\n            });\n        });\n    <\/script>\n\n    <style>\n        .gift-card-form {\n            box-shadow: 0 4px 8px rgba(0,0,0,0.1);\n            padding: 20px;\n            background-color: #f9f9f9;\n            border-radius: 8px;\n            max-width: 480px;\n        }\n        .gift-card-form label {\n            display: block;\n            margin-bottom: 6px;\n            font-weight: 600;\n        }\n        .gift-card-form input, .gift-card-form textarea, .gift-card-form select {\n            width: 100%;\n            padding: 8px;\n            margin-bottom: 12px;\n            border: 1px solid #ccc;\n            border-radius: 6px;\n        }\n        .gift-card-form button {\n            background-color: #1f9900;\n            color: #fff;\n            padding: 10px 15px;\n            border: none;\n            border-radius: 6px;\n            cursor: pointer;\n        }\n        .gift-card-form button:hover {\n            background-color: #167b00;\n        }\n    <\/style>\n    \n","protected":false},"featured_media":90,"comment_status":"open","ping_status":"closed","template":"","meta":{"_et_pb_use_builder":"off","_et_pb_old_content":"Raijanholvi Gift Card, value of your chosen amount - the gift card can be used for all our services on-site!\n\nYou can use the gift card as payment for all our services and product purchases at Raijanholvi;\nlunch dishes\nsavory and sweet caf\u00e9 products\nmeeting and party catering\nGeonallen feel-good products\nRL meringues\nRL decorations\n\nYou can split the gift card amount across multiple purchases.\n\nIf you wish, we can send the gift card directly to the recipient - add the address details in the message field!\n\nNo postage fees!\n\nDelivery method can only be selected for this product. If your order includes other products, promotional delivery is not available.","_et_gb_content_width":""},"product_brand":[],"product_cat":[326],"product_tag":[],"class_list":{"0":"post-3002","1":"product","2":"type-product","3":"status-publish","4":"has-post-thumbnail","6":"product_cat-gift-card","7":"product_shipping_class-gift-card-delivery","9":"first","10":"instock","11":"virtual","12":"purchasable","13":"product-type-simple"},"yoast_head":"<!-- This site is optimized with the Yoast SEO plugin v27.4 - https:\/\/yoast.com\/product\/yoast-seo-wordpress\/ -->\n<title>Gift Card | Raijanholvi<\/title>\n<meta name=\"description\" content=\"Raijanholvi gift card can be used for all our services on-site! With the gift card you can purchase lunches, sweets, savories, Rak...\" \/>\n<meta name=\"robots\" content=\"index, follow, max-snippet:-1, max-image-preview:large, max-video-preview:-1\" \/>\n<link rel=\"canonical\" href=\"https:\/\/raijanholvi.fi\/en\/tuote\/gift-card\/\" \/>\n<meta property=\"og:locale\" content=\"en_US\" \/>\n<meta property=\"og:type\" content=\"article\" \/>\n<meta property=\"og:title\" content=\"Gift Card | Raijanholvi\" \/>\n<meta property=\"og:description\" content=\"Raijanholvi gift card can be used for all our services on-site! With the gift card you can purchase lunches, sweets, savories, Rak...\" \/>\n<meta property=\"og:url\" content=\"https:\/\/raijanholvi.fi\/en\/tuote\/gift-card\/\" \/>\n<meta property=\"og:site_name\" content=\"Raijanholvi\" \/>\n<meta property=\"og:image\" content=\"https:\/\/raijanholvi.fi\/wp-content\/uploads\/2023\/04\/sosiaalinenmedia-1024x512.webp\" \/>\n<meta name=\"twitter:card\" content=\"summary_large_image\" \/>\n<meta name=\"twitter:title\" content=\"Gift Card | Raijanholvi\" \/>\n<meta name=\"twitter:description\" content=\"Raijanholvi gift card can be used for all our services on-site! With the gift card you can purchase lunches, sweets, savories, Rak...\" \/>\n<meta name=\"twitter:image\" content=\"https:\/\/raijanholvi.fi\/wp-content\/uploads\/2023\/04\/sosiaalinenmedia-1024x512.webp\" \/>\n<script type=\"application\/ld+json\" class=\"yoast-schema-graph\">{\"@context\":\"https:\\\/\\\/schema.org\",\"@graph\":[{\"@type\":\"WebPage\",\"@id\":\"https:\\\/\\\/raijanholvi.fi\\\/en\\\/tuote\\\/gift-card\\\/\",\"url\":\"https:\\\/\\\/raijanholvi.fi\\\/en\\\/tuote\\\/gift-card\\\/\",\"name\":\"Gift Card | Raijanholvi\",\"isPartOf\":{\"@id\":\"https:\\\/\\\/raijanholvi.fi\\\/en\\\/#website\"},\"primaryImageOfPage\":{\"@id\":\"https:\\\/\\\/raijanholvi.fi\\\/en\\\/tuote\\\/gift-card\\\/#primaryimage\"},\"image\":{\"@id\":\"https:\\\/\\\/raijanholvi.fi\\\/en\\\/tuote\\\/gift-card\\\/#primaryimage\"},\"thumbnailUrl\":\"https:\\\/\\\/raijanholvi.fi\\\/wp-content\\\/uploads\\\/2023\\\/03\\\/raijanholvin-lahjakortit-verkkokaupasta-pikkukuva-artikkeliin-etusivulle.webp\",\"datePublished\":\"2023-03-27T06:45:37+00:00\",\"description\":\"Raijanholvi gift card can be used for all our services on-site! With the gift card you can purchase lunches, sweets, savories, Rak...\",\"breadcrumb\":{\"@id\":\"https:\\\/\\\/raijanholvi.fi\\\/en\\\/tuote\\\/gift-card\\\/#breadcrumb\"},\"inLanguage\":\"en-US\",\"potentialAction\":[{\"@type\":\"ReadAction\",\"target\":[\"https:\\\/\\\/raijanholvi.fi\\\/en\\\/tuote\\\/gift-card\\\/\"]}]},{\"@type\":\"ImageObject\",\"inLanguage\":\"en-US\",\"@id\":\"https:\\\/\\\/raijanholvi.fi\\\/en\\\/tuote\\\/gift-card\\\/#primaryimage\",\"url\":\"https:\\\/\\\/raijanholvi.fi\\\/wp-content\\\/uploads\\\/2023\\\/03\\\/raijanholvin-lahjakortit-verkkokaupasta-pikkukuva-artikkeliin-etusivulle.webp\",\"contentUrl\":\"https:\\\/\\\/raijanholvi.fi\\\/wp-content\\\/uploads\\\/2023\\\/03\\\/raijanholvin-lahjakortit-verkkokaupasta-pikkukuva-artikkeliin-etusivulle.webp\",\"width\":360,\"height\":480},{\"@type\":\"BreadcrumbList\",\"@id\":\"https:\\\/\\\/raijanholvi.fi\\\/en\\\/tuote\\\/gift-card\\\/#breadcrumb\",\"itemListElement\":[{\"@type\":\"ListItem\",\"position\":1,\"name\":\"Etusivu\",\"item\":\"https:\\\/\\\/raijanholvi.fi\\\/en\\\/\"},{\"@type\":\"ListItem\",\"position\":2,\"name\":\"Online store\",\"item\":\"https:\\\/\\\/raijanholvi.fi\\\/en\\\/shop\\\/\"},{\"@type\":\"ListItem\",\"position\":3,\"name\":\"Gift Card\"}]},{\"@type\":\"WebSite\",\"@id\":\"https:\\\/\\\/raijanholvi.fi\\\/en\\\/#website\",\"url\":\"https:\\\/\\\/raijanholvi.fi\\\/en\\\/\",\"name\":\"Raijanholvi\",\"description\":\"Lounas- ja kahvilaravintola\",\"potentialAction\":[{\"@type\":\"SearchAction\",\"target\":{\"@type\":\"EntryPoint\",\"urlTemplate\":\"https:\\\/\\\/raijanholvi.fi\\\/en\\\/?s={search_term_string}\"},\"query-input\":{\"@type\":\"PropertyValueSpecification\",\"valueRequired\":true,\"valueName\":\"search_term_string\"}}],\"inLanguage\":\"en-US\"}]}<\/script>\n<!-- \/ Yoast SEO plugin. -->","yoast_head_json":{"title":"Gift Card | Raijanholvi","description":"Raijanholvi gift card can be used for all our services on-site! With the gift card you can purchase lunches, sweets, savories, Rak...","robots":{"index":"index","follow":"follow","max-snippet":"max-snippet:-1","max-image-preview":"max-image-preview:large","max-video-preview":"max-video-preview:-1"},"canonical":"https:\/\/raijanholvi.fi\/en\/tuote\/gift-card\/","og_locale":"en_US","og_type":"article","og_title":"Gift Card | Raijanholvi","og_description":"Raijanholvi gift card can be used for all our services on-site! With the gift card you can purchase lunches, sweets, savories, Rak...","og_url":"https:\/\/raijanholvi.fi\/en\/tuote\/gift-card\/","og_site_name":"Raijanholvi","og_image":[{"url":"https:\/\/raijanholvi.fi\/wp-content\/uploads\/2023\/04\/sosiaalinenmedia-1024x512.webp","type":"","width":"","height":""}],"twitter_card":"summary_large_image","twitter_title":"Gift Card | Raijanholvi","twitter_description":"Raijanholvi gift card can be used for all our services on-site! With the gift card you can purchase lunches, sweets, savories, Rak...","twitter_image":"https:\/\/raijanholvi.fi\/wp-content\/uploads\/2023\/04\/sosiaalinenmedia-1024x512.webp","schema":{"@context":"https:\/\/schema.org","@graph":[{"@type":"WebPage","@id":"https:\/\/raijanholvi.fi\/en\/tuote\/gift-card\/","url":"https:\/\/raijanholvi.fi\/en\/tuote\/gift-card\/","name":"Gift Card | Raijanholvi","isPartOf":{"@id":"https:\/\/raijanholvi.fi\/en\/#website"},"primaryImageOfPage":{"@id":"https:\/\/raijanholvi.fi\/en\/tuote\/gift-card\/#primaryimage"},"image":{"@id":"https:\/\/raijanholvi.fi\/en\/tuote\/gift-card\/#primaryimage"},"thumbnailUrl":"https:\/\/raijanholvi.fi\/wp-content\/uploads\/2023\/03\/raijanholvin-lahjakortit-verkkokaupasta-pikkukuva-artikkeliin-etusivulle.webp","datePublished":"2023-03-27T06:45:37+00:00","description":"Raijanholvi gift card can be used for all our services on-site! With the gift card you can purchase lunches, sweets, savories, Rak...","breadcrumb":{"@id":"https:\/\/raijanholvi.fi\/en\/tuote\/gift-card\/#breadcrumb"},"inLanguage":"en-US","potentialAction":[{"@type":"ReadAction","target":["https:\/\/raijanholvi.fi\/en\/tuote\/gift-card\/"]}]},{"@type":"ImageObject","inLanguage":"en-US","@id":"https:\/\/raijanholvi.fi\/en\/tuote\/gift-card\/#primaryimage","url":"https:\/\/raijanholvi.fi\/wp-content\/uploads\/2023\/03\/raijanholvin-lahjakortit-verkkokaupasta-pikkukuva-artikkeliin-etusivulle.webp","contentUrl":"https:\/\/raijanholvi.fi\/wp-content\/uploads\/2023\/03\/raijanholvin-lahjakortit-verkkokaupasta-pikkukuva-artikkeliin-etusivulle.webp","width":360,"height":480},{"@type":"BreadcrumbList","@id":"https:\/\/raijanholvi.fi\/en\/tuote\/gift-card\/#breadcrumb","itemListElement":[{"@type":"ListItem","position":1,"name":"Etusivu","item":"https:\/\/raijanholvi.fi\/en\/"},{"@type":"ListItem","position":2,"name":"Online store","item":"https:\/\/raijanholvi.fi\/en\/shop\/"},{"@type":"ListItem","position":3,"name":"Gift Card"}]},{"@type":"WebSite","@id":"https:\/\/raijanholvi.fi\/en\/#website","url":"https:\/\/raijanholvi.fi\/en\/","name":"Raijanholvi","description":"Lounas- ja kahvilaravintola","potentialAction":[{"@type":"SearchAction","target":{"@type":"EntryPoint","urlTemplate":"https:\/\/raijanholvi.fi\/en\/?s={search_term_string}"},"query-input":{"@type":"PropertyValueSpecification","valueRequired":true,"valueName":"search_term_string"}}],"inLanguage":"en-US"}]}},"_links":{"self":[{"href":"https:\/\/raijanholvi.fi\/en\/wp-json\/wp\/v2\/product\/3002","targetHints":{"allow":["GET"]}}],"collection":[{"href":"https:\/\/raijanholvi.fi\/en\/wp-json\/wp\/v2\/product"}],"about":[{"href":"https:\/\/raijanholvi.fi\/en\/wp-json\/wp\/v2\/types\/product"}],"replies":[{"embeddable":true,"href":"https:\/\/raijanholvi.fi\/en\/wp-json\/wp\/v2\/comments?post=3002"}],"wp:featuredmedia":[{"embeddable":true,"href":"https:\/\/raijanholvi.fi\/en\/wp-json\/wp\/v2\/media\/90"}],"wp:attachment":[{"href":"https:\/\/raijanholvi.fi\/en\/wp-json\/wp\/v2\/media?parent=3002"}],"wp:term":[{"taxonomy":"product_brand","embeddable":true,"href":"https:\/\/raijanholvi.fi\/en\/wp-json\/wp\/v2\/product_brand?post=3002"},{"taxonomy":"product_cat","embeddable":true,"href":"https:\/\/raijanholvi.fi\/en\/wp-json\/wp\/v2\/product_cat?post=3002"},{"taxonomy":"product_tag","embeddable":true,"href":"https:\/\/raijanholvi.fi\/en\/wp-json\/wp\/v2\/product_tag?post=3002"}],"curies":[{"name":"wp","href":"https:\/\/api.w.org\/{rel}","templated":true}]}}